{"id":226,"date":"2017-03-30T07:47:40","date_gmt":"2017-03-30T07:47:40","guid":{"rendered":"http:\/\/www.bicnet.es\/?page_id=226"},"modified":"2018-11-19T10:49:11","modified_gmt":"2018-11-19T10:49:11","slug":"quienes-somos","status":"publish","type":"page","link":"https:\/\/www.bicnet.es\/index.php\/quienes-somos\/","title":{"rendered":"<!QUIENES SOMOS>"},"content":{"rendered":"<div id=\"descripcion\">\n<p style=\"text-align: center;\"><span style=\"font-size: 18pt; color: #000000;\">\u00bf Q U I \u00c9 N E S\u00a0\u00a0 S O M O S ?<\/span><\/p>\n<p>En Bicnet desarrollamos sistemas de informaci\u00f3n aplicables al entorno hospitalario con la finalidad de optimizar la gesti\u00f3n f\u00edsica y documental del flujo de productos, tanto de suministros como de Farmacia, desde su entrada al almac\u00e9n general hasta su expedici\u00f3n y consumo, garantizando su trazabilidad y mejorando la gesti\u00f3n de las operaciones fundamentales de todas las \u00e1reas del almac\u00e9n: <strong>recepci\u00f3n de mercanc\u00eda, almacenaje e inventario, preparaci\u00f3n de pedidos, expediciones,<\/strong>\u00a0<strong>control de stocks<\/strong> y el<strong> reaprovisionamiento de subalmacenes.<\/strong><\/p>\n<p><img loading=\"lazy\" decoding=\"async\" class=\"alignnone wp-image-1127 size-full\" src=\"http:\/\/www.bicnet.es\/wp-content\/uploads\/2017\/03\/QuienesSomos-1.jpg\" alt=\"\" width=\"1309\" height=\"566\" srcset=\"https:\/\/www.bicnet.es\/wp-content\/uploads\/2017\/03\/QuienesSomos-1.jpg 1309w, https:\/\/www.bicnet.es\/wp-content\/uploads\/2017\/03\/QuienesSomos-1-300x130.jpg 300w, https:\/\/www.bicnet.es\/wp-content\/uploads\/2017\/03\/QuienesSomos-1-768x332.jpg 768w, https:\/\/www.bicnet.es\/wp-content\/uploads\/2017\/03\/QuienesSomos-1-1024x443.jpg 1024w\" sizes=\"auto, (max-width: 1309px) 100vw, 1309px\" \/><\/p>\n<\/div>\n","protected":false},"excerpt":{"rendered":"<p>\u00bf Q U I \u00c9 N E S\u00a0\u00a0 S O M O S ? En Bicnet desarrollamos sistemas de informaci\u00f3n aplicables al entorno hospitalario con la finalidad de optimizar la gesti\u00f3n f\u00edsica y documental del flujo de productos, tanto de suministros como de Farmacia, desde su entrada al almac\u00e9n general <a class=\"more-link\" href=\"https:\/\/www.bicnet.es\/index.php\/quienes-somos\/\"><\/a><\/p>\n","protected":false},"author":3,"featured_media":0,"parent":0,"menu_order":0,"comment_status":"closed","ping_status":"closed","template":"","meta":{"footnotes":""},"class_list":["post-226","page","type-page","status-publish","hentry"],"yoast_head":"<!-- This site is optimized with the Yoast SEO plugin v26.9 - https:\/\/yoast.com\/product\/yoast-seo-wordpress\/ -->\n<title>- BICNET S.L.<\/title>\n<meta name=\"robots\" content=\"index, follow, max-snippet:-1, max-image-preview:large, max-video-preview:-1\" \/>\n<link rel=\"canonical\" href=\"https:\/\/www.bicnet.es\/index.php\/quienes-somos\/\" \/>\n<meta property=\"og:locale\" content=\"es_ES\" \/>\n<meta property=\"og:type\" content=\"article\" \/>\n<meta property=\"og:title\" content=\"- BICNET S.L.\" \/>\n<meta property=\"og:description\" content=\"\u00bf Q U I \u00c9 N E S\u00a0\u00a0 S O M O S ? En Bicnet desarrollamos sistemas de informaci\u00f3n aplicables al entorno hospitalario con la finalidad de optimizar la gesti\u00f3n f\u00edsica y documental del flujo de productos, tanto de suministros como de Farmacia, desde su entrada al almac\u00e9n general\" \/>\n<meta property=\"og:url\" content=\"https:\/\/www.bicnet.es\/index.php\/quienes-somos\/\" \/>\n<meta property=\"og:site_name\" content=\"BICNET S.L.\" \/>\n<meta property=\"article:modified_time\" content=\"2018-11-19T10:49:11+00:00\" \/>\n<meta property=\"og:image\" content=\"http:\/\/www.bicnet.es\/wp-content\/uploads\/2017\/03\/QuienesSomos-1.jpg\" \/>\n<meta name=\"twitter:card\" content=\"summary_large_image\" \/>\n<script type=\"application\/ld+json\" class=\"yoast-schema-graph\">{\"@context\":\"https:\/\/schema.org\",\"@graph\":[{\"@type\":\"WebPage\",\"@id\":\"https:\/\/www.bicnet.es\/index.php\/quienes-somos\/\",\"url\":\"https:\/\/www.bicnet.es\/index.php\/quienes-somos\/\",\"name\":\"- BICNET S.L.\",\"isPartOf\":{\"@id\":\"https:\/\/www.bicnet.es\/#website\"},\"primaryImageOfPage\":{\"@id\":\"https:\/\/www.bicnet.es\/index.php\/quienes-somos\/#primaryimage\"},\"image\":{\"@id\":\"https:\/\/www.bicnet.es\/index.php\/quienes-somos\/#primaryimage\"},\"thumbnailUrl\":\"http:\/\/www.bicnet.es\/wp-content\/uploads\/2017\/03\/QuienesSomos-1.jpg\",\"datePublished\":\"2017-03-30T07:47:40+00:00\",\"dateModified\":\"2018-11-19T10:49:11+00:00\",\"inLanguage\":\"es\",\"potentialAction\":[{\"@type\":\"ReadAction\",\"target\":[\"https:\/\/www.bicnet.es\/index.php\/quienes-somos\/\"]}]},{\"@type\":\"ImageObject\",\"inLanguage\":\"es\",\"@id\":\"https:\/\/www.bicnet.es\/index.php\/quienes-somos\/#primaryimage\",\"url\":\"http:\/\/www.bicnet.es\/wp-content\/uploads\/2017\/03\/QuienesSomos-1.jpg\",\"contentUrl\":\"http:\/\/www.bicnet.es\/wp-content\/uploads\/2017\/03\/QuienesSomos-1.jpg\"},{\"@type\":\"WebSite\",\"@id\":\"https:\/\/www.bicnet.es\/#website\",\"url\":\"https:\/\/www.bicnet.es\/\",\"name\":\"BICNET S.L.\",\"description\":\"Sistemas de informaci\u00f3n\",\"potentialAction\":[{\"@type\":\"SearchAction\",\"target\":{\"@type\":\"EntryPoint\",\"urlTemplate\":\"https:\/\/www.bicnet.es\/?s={search_term_string}\"},\"query-input\":{\"@type\":\"PropertyValueSpecification\",\"valueRequired\":true,\"valueName\":\"search_term_string\"}}],\"inLanguage\":\"es\"}]}<\/script>\n<!-- \/ Yoast SEO plugin. -->","yoast_head_json":{"title":"- BICNET S.L.","robots":{"index":"index","follow":"follow","max-snippet":"max-snippet:-1","max-image-preview":"max-image-preview:large","max-video-preview":"max-video-preview:-1"},"canonical":"https:\/\/www.bicnet.es\/index.php\/quienes-somos\/","og_locale":"es_ES","og_type":"article","og_title":"- BICNET S.L.","og_description":"\u00bf Q U I \u00c9 N E S\u00a0\u00a0 S O M O S ? En Bicnet desarrollamos sistemas de informaci\u00f3n aplicables al entorno hospitalario con la finalidad de optimizar la gesti\u00f3n f\u00edsica y documental del flujo de productos, tanto de suministros como de Farmacia, desde su entrada al almac\u00e9n general","og_url":"https:\/\/www.bicnet.es\/index.php\/quienes-somos\/","og_site_name":"BICNET S.L.","article_modified_time":"2018-11-19T10:49:11+00:00","og_image":[{"url":"http:\/\/www.bicnet.es\/wp-content\/uploads\/2017\/03\/QuienesSomos-1.jpg","type":"","width":"","height":""}],"twitter_card":"summary_large_image","schema":{"@context":"https:\/\/schema.org","@graph":[{"@type":"WebPage","@id":"https:\/\/www.bicnet.es\/index.php\/quienes-somos\/","url":"https:\/\/www.bicnet.es\/index.php\/quienes-somos\/","name":"- BICNET S.L.","isPartOf":{"@id":"https:\/\/www.bicnet.es\/#website"},"primaryImageOfPage":{"@id":"https:\/\/www.bicnet.es\/index.php\/quienes-somos\/#primaryimage"},"image":{"@id":"https:\/\/www.bicnet.es\/index.php\/quienes-somos\/#primaryimage"},"thumbnailUrl":"http:\/\/www.bicnet.es\/wp-content\/uploads\/2017\/03\/QuienesSomos-1.jpg","datePublished":"2017-03-30T07:47:40+00:00","dateModified":"2018-11-19T10:49:11+00:00","inLanguage":"es","potentialAction":[{"@type":"ReadAction","target":["https:\/\/www.bicnet.es\/index.php\/quienes-somos\/"]}]},{"@type":"ImageObject","inLanguage":"es","@id":"https:\/\/www.bicnet.es\/index.php\/quienes-somos\/#primaryimage","url":"http:\/\/www.bicnet.es\/wp-content\/uploads\/2017\/03\/QuienesSomos-1.jpg","contentUrl":"http:\/\/www.bicnet.es\/wp-content\/uploads\/2017\/03\/QuienesSomos-1.jpg"},{"@type":"WebSite","@id":"https:\/\/www.bicnet.es\/#website","url":"https:\/\/www.bicnet.es\/","name":"BICNET S.L.","description":"Sistemas de informaci\u00f3n","potentialAction":[{"@type":"SearchAction","target":{"@type":"EntryPoint","urlTemplate":"https:\/\/www.bicnet.es\/?s={search_term_string}"},"query-input":{"@type":"PropertyValueSpecification","valueRequired":true,"valueName":"search_term_string"}}],"inLanguage":"es"}]}},"_links":{"self":[{"href":"https:\/\/www.bicnet.es\/index.php\/wp-json\/wp\/v2\/pages\/226","targetHints":{"allow":["GET"]}}],"collection":[{"href":"https:\/\/www.bicnet.es\/index.php\/wp-json\/wp\/v2\/pages"}],"about":[{"href":"https:\/\/www.bicnet.es\/index.php\/wp-json\/wp\/v2\/types\/page"}],"author":[{"embeddable":true,"href":"https:\/\/www.bicnet.es\/index.php\/wp-json\/wp\/v2\/users\/3"}],"replies":[{"embeddable":true,"href":"https:\/\/www.bicnet.es\/index.php\/wp-json\/wp\/v2\/comments?post=226"}],"version-history":[{"count":32,"href":"https:\/\/www.bicnet.es\/index.php\/wp-json\/wp\/v2\/pages\/226\/revisions"}],"predecessor-version":[{"id":1558,"href":"https:\/\/www.bicnet.es\/index.php\/wp-json\/wp\/v2\/pages\/226\/revisions\/1558"}],"wp:attachment":[{"href":"https:\/\/www.bicnet.es\/index.php\/wp-json\/wp\/v2\/media?parent=226"}],"curies":[{"name":"wp","href":"https:\/\/api.w.org\/{rel}","templated":true}]}}