{"id":222,"date":"2017-03-30T07:45:43","date_gmt":"2017-03-30T07:45:43","guid":{"rendered":"http:\/\/www.bicnet.es\/?page_id=222"},"modified":"2017-07-18T20:49:14","modified_gmt":"2017-07-18T20:49:14","slug":"unete-a-nuestro-equipo","status":"publish","type":"page","link":"https:\/\/www.bicnet.es\/index.php\/unete-a-nuestro-equipo\/","title":{"rendered":"<!TRABAJA CON NOSOTROS>"},"content":{"rendered":"<table>\n<tbody>\n<tr style=\"height: 108.8px;\">\n<td style=\"text-align: center; height: 108.8px;\">\n<p><span style=\"font-size: 18pt; color: #000000;\">T R A B A J A\u00a0\u00a0 C O N\u00a0\u00a0 N O S O T R O S<\/span><\/p>\n<p>&nbsp;<\/p>\n<p><span style=\"font-size: 12pt;\"><span style=\"color: #003366; font-family: georgia,palatino,serif;\"><span style=\"color: #333333;\">\u00bfQuieres trabajar con un equipo <\/span><span style=\"font-size: 14pt;\"><strong>divertido<\/strong><\/span><span style=\"color: #333333;\">, a la vez que<\/span><\/span><span style=\"color: #003366; font-family: georgia,palatino,serif; font-size: 14pt;\"> <strong>profesional<\/strong><\/span><span style=\"color: #003366; font-family: georgia,palatino,serif;\"><span style=\"font-size: 14pt;\"> <span style=\"color: #333333;\">y<\/span> <strong>apasionado<\/strong><\/span> <span style=\"color: #333333;\">por su trabajo?<\/span><br \/>\n <span style=\"color: #333333;\">\u00bfQuieres formar parte de una empresa en crecimiento y<\/span> <span style=\"font-size: 14pt;\"><strong>crecer<\/strong><\/span><span style=\"color: #333333;\"> con ella<\/span> <span style=\"font-size: 14pt;\"><strong>como profesional<\/strong><\/span>?<br \/>\n <span style=\"color: #333333;\">\u00bfQuieres<\/span> <span style=\"font-size: 14pt;\"><strong>disfrutar de tu carrera<\/strong><\/span><span style=\"color: #333333;\"> y afrontar desaf\u00edos?<\/span><\/span><\/span><\/p>\n<\/td>\n<\/tr>\n<\/tbody>\n<\/table>\n<p><img loading=\"lazy\" decoding=\"async\" class=\"wp-image-280 size-full aligncenter\" src=\"http:\/\/www.bicnet.es\/wp-content\/uploads\/2017\/03\/group-1825510_640.jpg\" alt=\"\" width=\"640\" height=\"426\" srcset=\"https:\/\/www.bicnet.es\/wp-content\/uploads\/2017\/03\/group-1825510_640.jpg 640w, https:\/\/www.bicnet.es\/wp-content\/uploads\/2017\/03\/group-1825510_640-300x200.jpg 300w\" sizes=\"auto, (max-width: 640px) 100vw, 640px\" \/><\/p>\n<p style=\"text-align: left;\">En Bicnet estamos en cont\u00ednuo crecimiento y buscamos personas afines a nuestra mentalidad y m\u00e9todo de trabajo para unirse a nosotros.<\/p>\n<p style=\"text-align: left;\">Creamos un ambiente que motiva e inspira a nuestros trabajadores para ofrecer el m\u00e1s alto nivel de atenci\u00f3n, garantizando un tratamiento individual y excepcional para cada uno de nuestros clientes.<\/p>\n<p style=\"text-align: left;\">Te ofrecemos apoyo para convertir tus aspiraciones en una realidad. Estamos orgullosos de nuestro equipo de personas j\u00f3venes, apasionadas e innovadoras que se unen para crear un equipo \u00fanico, para el que\u00a0estamos en cont\u00ednua b\u00fasqueda de nuevos miembros que tengan pasi\u00f3n por su trabajo y muestren inter\u00e9s por aprender, evolucionar y se integren formando unidad de equipo.<\/p>\n<p style=\"text-align: left;\">Con un n\u00famero creciente de implantaciones en el territorio nacional, podemos ofrecer, a medida que nuestra compa\u00f1\u00eda siga creciendo, m\u00e1s oportunidades de crecimiento para todos los miembros del equipo.<\/p>\n<p style=\"text-align: left;\">Env\u00edanos un correo con tus datos de contacto, adjunta tu curr\u00edculum y te tendremos en cuenta para nuestro pr\u00f3ximo proceso de selecci\u00f3n de personal:<\/p>\n<p style=\"text-align: left;\"><a href=\"mailto:info@bicnet.es\"><span style=\"font-size: 14pt;\"><strong>info@bicnet.es<\/strong><\/span><\/a><\/p>\n<p>&nbsp;<\/p>\n","protected":false},"excerpt":{"rendered":"<p>T R A B A J A\u00a0\u00a0 C O N\u00a0\u00a0 N O S O T R O S &nbsp; \u00bfQuieres trabajar con un equipo divertido, a la vez que profesional y apasionado por su trabajo? \u00bfQuieres formar parte de una empresa en crecimiento y crecer con ella como profesional? \u00bfQuieres <a class=\"more-link\" href=\"https:\/\/www.bicnet.es\/index.php\/unete-a-nuestro-equipo\/\"><\/a><\/p>\n","protected":false},"author":3,"featured_media":0,"parent":0,"menu_order":0,"comment_status":"closed","ping_status":"closed","template":"","meta":{"footnotes":""},"class_list":["post-222","page","type-page","status-publish","hentry"],"yoast_head":"<!-- This site is optimized with the Yoast SEO plugin v26.9 - https:\/\/yoast.com\/product\/yoast-seo-wordpress\/ -->\n<title>- BICNET S.L.<\/title>\n<meta name=\"robots\" content=\"index, follow, max-snippet:-1, max-image-preview:large, max-video-preview:-1\" \/>\n<link rel=\"canonical\" href=\"https:\/\/www.bicnet.es\/index.php\/unete-a-nuestro-equipo\/\" \/>\n<meta property=\"og:locale\" content=\"es_ES\" \/>\n<meta property=\"og:type\" content=\"article\" \/>\n<meta property=\"og:title\" content=\"- BICNET S.L.\" \/>\n<meta property=\"og:description\" content=\"T R A B A J A\u00a0\u00a0 C O N\u00a0\u00a0 N O S O T R O S &nbsp; \u00bfQuieres trabajar con un equipo divertido, a la vez que profesional y apasionado por su trabajo? \u00bfQuieres formar parte de una empresa en crecimiento y crecer con ella como profesional? \u00bfQuieres\" \/>\n<meta property=\"og:url\" content=\"https:\/\/www.bicnet.es\/index.php\/unete-a-nuestro-equipo\/\" \/>\n<meta property=\"og:site_name\" content=\"BICNET S.L.\" \/>\n<meta property=\"article:modified_time\" content=\"2017-07-18T20:49:14+00:00\" \/>\n<meta property=\"og:image\" content=\"http:\/\/www.bicnet.es\/wp-content\/uploads\/2017\/03\/group-1825510_640.jpg\" \/>\n<meta name=\"twitter:card\" content=\"summary_large_image\" \/>\n<meta name=\"twitter:label1\" content=\"Tiempo de lectura\" \/>\n\t<meta name=\"twitter:data1\" content=\"1 minuto\" \/>\n<script type=\"application\/ld+json\" class=\"yoast-schema-graph\">{\"@context\":\"https:\/\/schema.org\",\"@graph\":[{\"@type\":\"WebPage\",\"@id\":\"https:\/\/www.bicnet.es\/index.php\/unete-a-nuestro-equipo\/\",\"url\":\"https:\/\/www.bicnet.es\/index.php\/unete-a-nuestro-equipo\/\",\"name\":\"- BICNET S.L.\",\"isPartOf\":{\"@id\":\"https:\/\/www.bicnet.es\/#website\"},\"primaryImageOfPage\":{\"@id\":\"https:\/\/www.bicnet.es\/index.php\/unete-a-nuestro-equipo\/#primaryimage\"},\"image\":{\"@id\":\"https:\/\/www.bicnet.es\/index.php\/unete-a-nuestro-equipo\/#primaryimage\"},\"thumbnailUrl\":\"http:\/\/www.bicnet.es\/wp-content\/uploads\/2017\/03\/group-1825510_640.jpg\",\"datePublished\":\"2017-03-30T07:45:43+00:00\",\"dateModified\":\"2017-07-18T20:49:14+00:00\",\"inLanguage\":\"es\",\"potentialAction\":[{\"@type\":\"ReadAction\",\"target\":[\"https:\/\/www.bicnet.es\/index.php\/unete-a-nuestro-equipo\/\"]}]},{\"@type\":\"ImageObject\",\"inLanguage\":\"es\",\"@id\":\"https:\/\/www.bicnet.es\/index.php\/unete-a-nuestro-equipo\/#primaryimage\",\"url\":\"http:\/\/www.bicnet.es\/wp-content\/uploads\/2017\/03\/group-1825510_640.jpg\",\"contentUrl\":\"http:\/\/www.bicnet.es\/wp-content\/uploads\/2017\/03\/group-1825510_640.jpg\"},{\"@type\":\"WebSite\",\"@id\":\"https:\/\/www.bicnet.es\/#website\",\"url\":\"https:\/\/www.bicnet.es\/\",\"name\":\"BICNET S.L.\",\"description\":\"Sistemas de informaci\u00f3n\",\"potentialAction\":[{\"@type\":\"SearchAction\",\"target\":{\"@type\":\"EntryPoint\",\"urlTemplate\":\"https:\/\/www.bicnet.es\/?s={search_term_string}\"},\"query-input\":{\"@type\":\"PropertyValueSpecification\",\"valueRequired\":true,\"valueName\":\"search_term_string\"}}],\"inLanguage\":\"es\"}]}<\/script>\n<!-- \/ Yoast SEO plugin. -->","yoast_head_json":{"title":"- BICNET S.L.","robots":{"index":"index","follow":"follow","max-snippet":"max-snippet:-1","max-image-preview":"max-image-preview:large","max-video-preview":"max-video-preview:-1"},"canonical":"https:\/\/www.bicnet.es\/index.php\/unete-a-nuestro-equipo\/","og_locale":"es_ES","og_type":"article","og_title":"- BICNET S.L.","og_description":"T R A B A J A\u00a0\u00a0 C O N\u00a0\u00a0 N O S O T R O S &nbsp; \u00bfQuieres trabajar con un equipo divertido, a la vez que profesional y apasionado por su trabajo? \u00bfQuieres formar parte de una empresa en crecimiento y crecer con ella como profesional? \u00bfQuieres","og_url":"https:\/\/www.bicnet.es\/index.php\/unete-a-nuestro-equipo\/","og_site_name":"BICNET S.L.","article_modified_time":"2017-07-18T20:49:14+00:00","og_image":[{"url":"http:\/\/www.bicnet.es\/wp-content\/uploads\/2017\/03\/group-1825510_640.jpg","type":"","width":"","height":""}],"twitter_card":"summary_large_image","twitter_misc":{"Tiempo de lectura":"1 minuto"},"schema":{"@context":"https:\/\/schema.org","@graph":[{"@type":"WebPage","@id":"https:\/\/www.bicnet.es\/index.php\/unete-a-nuestro-equipo\/","url":"https:\/\/www.bicnet.es\/index.php\/unete-a-nuestro-equipo\/","name":"- BICNET S.L.","isPartOf":{"@id":"https:\/\/www.bicnet.es\/#website"},"primaryImageOfPage":{"@id":"https:\/\/www.bicnet.es\/index.php\/unete-a-nuestro-equipo\/#primaryimage"},"image":{"@id":"https:\/\/www.bicnet.es\/index.php\/unete-a-nuestro-equipo\/#primaryimage"},"thumbnailUrl":"http:\/\/www.bicnet.es\/wp-content\/uploads\/2017\/03\/group-1825510_640.jpg","datePublished":"2017-03-30T07:45:43+00:00","dateModified":"2017-07-18T20:49:14+00:00","inLanguage":"es","potentialAction":[{"@type":"ReadAction","target":["https:\/\/www.bicnet.es\/index.php\/unete-a-nuestro-equipo\/"]}]},{"@type":"ImageObject","inLanguage":"es","@id":"https:\/\/www.bicnet.es\/index.php\/unete-a-nuestro-equipo\/#primaryimage","url":"http:\/\/www.bicnet.es\/wp-content\/uploads\/2017\/03\/group-1825510_640.jpg","contentUrl":"http:\/\/www.bicnet.es\/wp-content\/uploads\/2017\/03\/group-1825510_640.jpg"},{"@type":"WebSite","@id":"https:\/\/www.bicnet.es\/#website","url":"https:\/\/www.bicnet.es\/","name":"BICNET S.L.","description":"Sistemas de informaci\u00f3n","potentialAction":[{"@type":"SearchAction","target":{"@type":"EntryPoint","urlTemplate":"https:\/\/www.bicnet.es\/?s={search_term_string}"},"query-input":{"@type":"PropertyValueSpecification","valueRequired":true,"valueName":"search_term_string"}}],"inLanguage":"es"}]}},"_links":{"self":[{"href":"https:\/\/www.bicnet.es\/index.php\/wp-json\/wp\/v2\/pages\/222","targetHints":{"allow":["GET"]}}],"collection":[{"href":"https:\/\/www.bicnet.es\/index.php\/wp-json\/wp\/v2\/pages"}],"about":[{"href":"https:\/\/www.bicnet.es\/index.php\/wp-json\/wp\/v2\/types\/page"}],"author":[{"embeddable":true,"href":"https:\/\/www.bicnet.es\/index.php\/wp-json\/wp\/v2\/users\/3"}],"replies":[{"embeddable":true,"href":"https:\/\/www.bicnet.es\/index.php\/wp-json\/wp\/v2\/comments?post=222"}],"version-history":[{"count":54,"href":"https:\/\/www.bicnet.es\/index.php\/wp-json\/wp\/v2\/pages\/222\/revisions"}],"predecessor-version":[{"id":1564,"href":"https:\/\/www.bicnet.es\/index.php\/wp-json\/wp\/v2\/pages\/222\/revisions\/1564"}],"wp:attachment":[{"href":"https:\/\/www.bicnet.es\/index.php\/wp-json\/wp\/v2\/media?parent=222"}],"curies":[{"name":"wp","href":"https:\/\/api.w.org\/{rel}","templated":true}]}}