{"id":149,"date":"2016-02-03T12:05:39","date_gmt":"2016-02-03T12:05:39","guid":{"rendered":"http:\/\/baco\/wordpress\/?page_id=149"},"modified":"2017-07-18T10:49:37","modified_gmt":"2017-07-18T10:49:37","slug":"siglas","status":"publish","type":"page","link":"https:\/\/www.bicnet.es\/index.php\/siglas\/","title":{"rendered":"<b>SIGLAS<\/b>"},"content":{"rendered":"<p><img loading=\"lazy\" decoding=\"async\" class=\"alignnone wp-image-445 size-full\" src=\"http:\/\/www.bicnet.es\/wp-content\/uploads\/2016\/02\/cab_gestionalmacenes.jpg\" alt=\"\" width=\"1600\" height=\"288\" srcset=\"https:\/\/www.bicnet.es\/wp-content\/uploads\/2016\/02\/cab_gestionalmacenes.jpg 1600w, https:\/\/www.bicnet.es\/wp-content\/uploads\/2016\/02\/cab_gestionalmacenes-300x54.jpg 300w, https:\/\/www.bicnet.es\/wp-content\/uploads\/2016\/02\/cab_gestionalmacenes-768x138.jpg 768w, https:\/\/www.bicnet.es\/wp-content\/uploads\/2016\/02\/cab_gestionalmacenes-1024x184.jpg 1024w\" sizes=\"auto, (max-width: 1600px) 100vw, 1600px\" \/><\/p>\n<table class=\" aligncenter\" style=\"width: 100%;\">\n<tbody>\n<tr>\n<td style=\"width: 15.1643%;\"><img loading=\"lazy\" decoding=\"async\" class=\"wp-image-310 alignleft\" src=\"http:\/\/www.bicnet.es\/wp-content\/uploads\/2016\/02\/Logo-SIGLAS-Trazado-300x204.png\" alt=\"\" width=\"144\" height=\"92\" \/><\/td>\n<td style=\"width: 77.8357%;\"><span style=\"font-family: helvetica,arial,sans-serif;\"><span style=\"font-size: 18pt; color: #000000;\"><span style=\"color: #003366;\"><strong>Informaci\u00f3n y Gesti\u00f3n Log\u00edstica<\/strong><\/span><\/span><span style=\"font-size: 18pt; color: #000000;\"> de Aprovisionamientos Sanitario<\/span><\/span><span style=\"font-size: 18pt; color: #000000;\"><span style=\"font-family: helvetica,arial,sans-serif;\">s \u00a0<\/span>\u00a0 <a class=\"fasc-button fasc-size-medium fasc-type-flat fasc-rounded-medium fasc-ico-before dashicons-format-aside\" style=\"background-color: #ebb70c; color: #ffffff;\" data-fasc-style=\"background-color:#ebb70c;color:#ffffff;\">PDF<\/a><\/span><\/td>\n<\/tr>\n<\/tbody>\n<\/table>\n<p><span style=\"font-size: 12pt;\"><strong><br \/>\n <span style=\"font-family: helvetica,arial,sans-serif;\">SIGLAS <\/span><\/strong><span style=\"font-family: helvetica,arial,sans-serif;\">es un sistema dise\u00f1ado para solucionar las distintas necesidades y la problem\u00e1tica extendida en entornos de almacenamiento hospitalario, tanto en almacenes generales de material sanitario como en los de Farmacia, ya sean generales, de unidosis o de pacientes externos, adem\u00e1s de botiquines, centros de salud, etc., incrementando su capacidad de flujo de materiales y economizando tanto en espacio como en tiempo empleado. As\u00edmismo, permite\u00a0mecanismos de doble imputaci\u00f3n: a GFH y a paciente<\/span><\/span><\/p>\n<p><span style=\"font-size: 12pt; font-family: helvetica,arial,sans-serif;\">Se trata de un <span style=\"color: #003366;\"><span style=\"color: #333333;\">sistema<\/span><\/span><span style=\"font-size: 14pt;\"><strong><span style=\"color: #003366;\"> modular<\/span><\/strong><\/span><span style=\"color: #333333;\">, completamente<span style=\"color: #003366; font-size: 14pt;\"><strong> adaptable y customizable<\/strong><\/span> seg\u00fan las necesidades del cliente y su entorno de trabajo<\/span>, bien sea en en el sector sanitario o en cualquier otro que requiera un sistema de gesti\u00f3n de almacenes y control de stock.<br \/>\n <\/span><\/p>\n<p><span style=\"font-size: 12pt; font-family: helvetica,arial,sans-serif;\">\u00a0<\/span><\/p>\n<table border=\"0\" cellspacing=\"0\" cellpadding=\"0\">\n<tbody>\n<tr style=\"height: 48px;\">\n<td style=\"height: 48px; width: 500px; text-align: center;\">\n<p><iframe loading=\"lazy\" src=\"https:\/\/player.vimeo.com\/video\/216648291\" width=\"540\" height=\"380\" frameborder=\"0\"><\/iframe><\/p>\n<p>&nbsp;<\/p>\n<\/td>\n<\/tr>\n<\/tbody>\n<\/table>\n<p>&nbsp;<\/p>\n","protected":false},"excerpt":{"rendered":"<p><span style=\"font-size: 16px; color: #3e5f73;\"> <strong>Informaci\u00f3n y Gesti\u00f3n Log\u00edstica de<br \/>\n Aprovisionamientos Sanitarios<br \/>\n <\/strong> <\/span><\/p>\n<p>Sistema que soluciona las necesidades y la problem\u00e1tica extendida en entornos de almacenamiento hospitalario, tanto en almacenes generales como en los de Farmacia.<\/p>\n<p>&nbsp;<\/p>\n<table style=\"background-color: #f2f2f2;\">\n<tbody>\n<tr>\n<td>\n<div style=\"line-height: 2.0em;\">\n<p><strong><img loading=\"lazy\" decoding=\"async\" class=\"alignnone wp-image-852 \" src=\"http:\/\/www.bicnet.es\/wp-content\/uploads\/2017\/05\/cubo.png\" alt=\"\" width=\"9\" height=\"8\" \/>\u00a0\u00a0<\/strong> <span style=\"font-size: 14px;\"> Automatizaci\u00f3n<\/span><br \/>\n <span style=\"font-size: 14px;\"><strong><img loading=\"lazy\" decoding=\"async\" class=\"alignnone wp-image-852 \" src=\"http:\/\/www.bicnet.es\/wp-content\/uploads\/2017\/05\/cubo.png\" alt=\"\" width=\"9\" height=\"8\" \/><\/strong>\u00a0 \u00a0Control de Stocks<\/span><br \/>\n <span style=\"font-size: 14px;\"><strong><img loading=\"lazy\" decoding=\"async\" class=\"alignnone wp-image-852 \" src=\"http:\/\/www.bicnet.es\/wp-content\/uploads\/2017\/05\/cubo.png\" alt=\"\" width=\"9\" height=\"8\" \/><\/strong>\u00a0 \u00a0Gesti\u00f3n de producto<\/span><br \/>\n <span style=\"font-size: 14px;\"><strong><img loading=\"lazy\" decoding=\"async\" class=\"alignnone wp-image-852 \" src=\"http:\/\/www.bicnet.es\/wp-content\/uploads\/2017\/05\/cubo.png\" alt=\"\" width=\"9\" height=\"8\" \/>\u00a0\u00a0<\/strong> Indicadores de gesti\u00f3n<\/span><br \/>\n <span style=\"font-size: 12px;\"><span style=\"font-size: 14px;\"><strong><img loading=\"lazy\" decoding=\"async\" class=\"alignnone wp-image-852 \" src=\"http:\/\/www.bicnet.es\/wp-content\/uploads\/2017\/05\/cubo.png\" alt=\"\" width=\"9\" height=\"8\" \/><\/strong>\u00a0 \u00a0Liberaci\u00f3n de carga de trabajo<br \/>\n <\/span><\/span><\/p>\n<\/div>\n<\/td>\n<\/tr>\n<\/tbody>\n<\/table>\n<p>&nbsp;<\/p>\n<p style=\"text-align: center;\"><a class=\"fasc-button fasc-size-medium fasc-type-flat\" style=\"background-color: #3e5f73; width: 100%; color: #ffffff;\" href=\"http:\/\/www.bicnet.es\/index.php\/siglas-index\/\" data-fasc-style=\"background-color:#3e5f73;color:#ffffff;\">M\u00e1s informaci\u00f3n<\/a><\/p>\n<p> <a class=\"more-link\" href=\"https:\/\/www.bicnet.es\/index.php\/siglas\/\"><\/a><\/p>\n","protected":false},"author":3,"featured_media":903,"parent":0,"menu_order":0,"comment_status":"closed","ping_status":"closed","template":"","meta":{"footnotes":""},"class_list":["post-149","page","type-page","status-publish","has-post-thumbnail","hentry"],"yoast_head":"<!-- This site is optimized with the Yoast SEO plugin v26.9 - https:\/\/yoast.com\/product\/yoast-seo-wordpress\/ -->\n<title>SIGLAS - BICNET S.L.<\/title>\n<meta name=\"robots\" content=\"index, follow, max-snippet:-1, max-image-preview:large, max-video-preview:-1\" \/>\n<link rel=\"canonical\" href=\"https:\/\/www.bicnet.es\/index.php\/siglas\/\" \/>\n<meta property=\"og:locale\" content=\"es_ES\" \/>\n<meta property=\"og:type\" content=\"article\" \/>\n<meta property=\"og:title\" content=\"SIGLAS - BICNET S.L.\" \/>\n<meta property=\"og:description\" content=\"Informaci\u00f3n y Gesti\u00f3n Log\u00edstica de  Aprovisionamientos Sanitarios   Sistema que soluciona las necesidades y la problem\u00e1tica extendida en entornos de almacenamiento hospitalario, tanto en almacenes generales como en los de Farmacia. &nbsp;      \u00a0\u00a0 Automatizaci\u00f3n  \u00a0 \u00a0Control de Stocks  \u00a0 \u00a0Gesti\u00f3n de producto  \u00a0\u00a0 Indicadores de gesti\u00f3n  \u00a0 \u00a0Liberaci\u00f3n de carga de trabajo        &nbsp; M\u00e1s informaci\u00f3n\" \/>\n<meta property=\"og:url\" content=\"https:\/\/www.bicnet.es\/index.php\/siglas\/\" \/>\n<meta property=\"og:site_name\" content=\"BICNET S.L.\" \/>\n<meta property=\"article:modified_time\" content=\"2017-07-18T10:49:37+00:00\" \/>\n<meta property=\"og:image\" content=\"https:\/\/www.bicnet.es\/wp-content\/uploads\/2016\/02\/cabecera-siglasok.png\" \/>\n\t<meta property=\"og:image:width\" content=\"496\" \/>\n\t<meta property=\"og:image:height\" content=\"265\" \/>\n\t<meta property=\"og:image:type\" content=\"image\/png\" \/>\n<meta name=\"twitter:card\" content=\"summary_large_image\" \/>\n<meta name=\"twitter:label1\" content=\"Tiempo de lectura\" \/>\n\t<meta name=\"twitter:data1\" content=\"1 minuto\" \/>\n<script type=\"application\/ld+json\" class=\"yoast-schema-graph\">{\"@context\":\"https:\/\/schema.org\",\"@graph\":[{\"@type\":\"WebPage\",\"@id\":\"https:\/\/www.bicnet.es\/index.php\/siglas\/\",\"url\":\"https:\/\/www.bicnet.es\/index.php\/siglas\/\",\"name\":\"SIGLAS - BICNET S.L.\",\"isPartOf\":{\"@id\":\"https:\/\/www.bicnet.es\/#website\"},\"primaryImageOfPage\":{\"@id\":\"https:\/\/www.bicnet.es\/index.php\/siglas\/#primaryimage\"},\"image\":{\"@id\":\"https:\/\/www.bicnet.es\/index.php\/siglas\/#primaryimage\"},\"thumbnailUrl\":\"https:\/\/www.bicnet.es\/wp-content\/uploads\/2016\/02\/cabecera-siglasok.png\",\"datePublished\":\"2016-02-03T12:05:39+00:00\",\"dateModified\":\"2017-07-18T10:49:37+00:00\",\"breadcrumb\":{\"@id\":\"https:\/\/www.bicnet.es\/index.php\/siglas\/#breadcrumb\"},\"inLanguage\":\"es\",\"potentialAction\":[{\"@type\":\"ReadAction\",\"target\":[\"https:\/\/www.bicnet.es\/index.php\/siglas\/\"]}]},{\"@type\":\"ImageObject\",\"inLanguage\":\"es\",\"@id\":\"https:\/\/www.bicnet.es\/index.php\/siglas\/#primaryimage\",\"url\":\"https:\/\/www.bicnet.es\/wp-content\/uploads\/2016\/02\/cabecera-siglasok.png\",\"contentUrl\":\"https:\/\/www.bicnet.es\/wp-content\/uploads\/2016\/02\/cabecera-siglasok.png\",\"width\":496,\"height\":265},{\"@type\":\"BreadcrumbList\",\"@id\":\"https:\/\/www.bicnet.es\/index.php\/siglas\/#breadcrumb\",\"itemListElement\":[{\"@type\":\"ListItem\",\"position\":1,\"name\":\"Portada\",\"item\":\"https:\/\/www.bicnet.es\/\"},{\"@type\":\"ListItem\",\"position\":2,\"name\":\"SIGLAS\"}]},{\"@type\":\"WebSite\",\"@id\":\"https:\/\/www.bicnet.es\/#website\",\"url\":\"https:\/\/www.bicnet.es\/\",\"name\":\"BICNET S.L.\",\"description\":\"Sistemas de informaci\u00f3n\",\"potentialAction\":[{\"@type\":\"SearchAction\",\"target\":{\"@type\":\"EntryPoint\",\"urlTemplate\":\"https:\/\/www.bicnet.es\/?s={search_term_string}\"},\"query-input\":{\"@type\":\"PropertyValueSpecification\",\"valueRequired\":true,\"valueName\":\"search_term_string\"}}],\"inLanguage\":\"es\"}]}<\/script>\n<!-- \/ Yoast SEO plugin. -->","yoast_head_json":{"title":"SIGLAS - BICNET S.L.","robots":{"index":"index","follow":"follow","max-snippet":"max-snippet:-1","max-image-preview":"max-image-preview:large","max-video-preview":"max-video-preview:-1"},"canonical":"https:\/\/www.bicnet.es\/index.php\/siglas\/","og_locale":"es_ES","og_type":"article","og_title":"SIGLAS - BICNET S.L.","og_description":"Informaci\u00f3n y Gesti\u00f3n Log\u00edstica de  Aprovisionamientos Sanitarios   Sistema que soluciona las necesidades y la problem\u00e1tica extendida en entornos de almacenamiento hospitalario, tanto en almacenes generales como en los de Farmacia. &nbsp;      \u00a0\u00a0 Automatizaci\u00f3n  \u00a0 \u00a0Control de Stocks  \u00a0 \u00a0Gesti\u00f3n de producto  \u00a0\u00a0 Indicadores de gesti\u00f3n  \u00a0 \u00a0Liberaci\u00f3n de carga de trabajo        &nbsp; M\u00e1s informaci\u00f3n","og_url":"https:\/\/www.bicnet.es\/index.php\/siglas\/","og_site_name":"BICNET S.L.","article_modified_time":"2017-07-18T10:49:37+00:00","og_image":[{"width":496,"height":265,"url":"https:\/\/www.bicnet.es\/wp-content\/uploads\/2016\/02\/cabecera-siglasok.png","type":"image\/png"}],"twitter_card":"summary_large_image","twitter_misc":{"Tiempo de lectura":"1 minuto"},"schema":{"@context":"https:\/\/schema.org","@graph":[{"@type":"WebPage","@id":"https:\/\/www.bicnet.es\/index.php\/siglas\/","url":"https:\/\/www.bicnet.es\/index.php\/siglas\/","name":"SIGLAS - BICNET S.L.","isPartOf":{"@id":"https:\/\/www.bicnet.es\/#website"},"primaryImageOfPage":{"@id":"https:\/\/www.bicnet.es\/index.php\/siglas\/#primaryimage"},"image":{"@id":"https:\/\/www.bicnet.es\/index.php\/siglas\/#primaryimage"},"thumbnailUrl":"https:\/\/www.bicnet.es\/wp-content\/uploads\/2016\/02\/cabecera-siglasok.png","datePublished":"2016-02-03T12:05:39+00:00","dateModified":"2017-07-18T10:49:37+00:00","breadcrumb":{"@id":"https:\/\/www.bicnet.es\/index.php\/siglas\/#breadcrumb"},"inLanguage":"es","potentialAction":[{"@type":"ReadAction","target":["https:\/\/www.bicnet.es\/index.php\/siglas\/"]}]},{"@type":"ImageObject","inLanguage":"es","@id":"https:\/\/www.bicnet.es\/index.php\/siglas\/#primaryimage","url":"https:\/\/www.bicnet.es\/wp-content\/uploads\/2016\/02\/cabecera-siglasok.png","contentUrl":"https:\/\/www.bicnet.es\/wp-content\/uploads\/2016\/02\/cabecera-siglasok.png","width":496,"height":265},{"@type":"BreadcrumbList","@id":"https:\/\/www.bicnet.es\/index.php\/siglas\/#breadcrumb","itemListElement":[{"@type":"ListItem","position":1,"name":"Portada","item":"https:\/\/www.bicnet.es\/"},{"@type":"ListItem","position":2,"name":"SIGLAS"}]},{"@type":"WebSite","@id":"https:\/\/www.bicnet.es\/#website","url":"https:\/\/www.bicnet.es\/","name":"BICNET S.L.","description":"Sistemas de informaci\u00f3n","potentialAction":[{"@type":"SearchAction","target":{"@type":"EntryPoint","urlTemplate":"https:\/\/www.bicnet.es\/?s={search_term_string}"},"query-input":{"@type":"PropertyValueSpecification","valueRequired":true,"valueName":"search_term_string"}}],"inLanguage":"es"}]}},"_links":{"self":[{"href":"https:\/\/www.bicnet.es\/index.php\/wp-json\/wp\/v2\/pages\/149","targetHints":{"allow":["GET"]}}],"collection":[{"href":"https:\/\/www.bicnet.es\/index.php\/wp-json\/wp\/v2\/pages"}],"about":[{"href":"https:\/\/www.bicnet.es\/index.php\/wp-json\/wp\/v2\/types\/page"}],"author":[{"embeddable":true,"href":"https:\/\/www.bicnet.es\/index.php\/wp-json\/wp\/v2\/users\/3"}],"replies":[{"embeddable":true,"href":"https:\/\/www.bicnet.es\/index.php\/wp-json\/wp\/v2\/comments?post=149"}],"version-history":[{"count":276,"href":"https:\/\/www.bicnet.es\/index.php\/wp-json\/wp\/v2\/pages\/149\/revisions"}],"predecessor-version":[{"id":1523,"href":"https:\/\/www.bicnet.es\/index.php\/wp-json\/wp\/v2\/pages\/149\/revisions\/1523"}],"wp:featuredmedia":[{"embeddable":true,"href":"https:\/\/www.bicnet.es\/index.php\/wp-json\/wp\/v2\/media\/903"}],"wp:attachment":[{"href":"https:\/\/www.bicnet.es\/index.php\/wp-json\/wp\/v2\/media?parent=149"}],"curies":[{"name":"wp","href":"https:\/\/api.w.org\/{rel}","templated":true}]}}