{"id":1028,"date":"2017-05-04T09:52:17","date_gmt":"2017-05-04T09:52:17","guid":{"rendered":"http:\/\/www.bicnet.es\/?page_id=1028"},"modified":"2023-09-19T15:54:05","modified_gmt":"2023-09-19T13:54:05","slug":"que-es-siglas","status":"publish","type":"page","link":"https:\/\/www.bicnet.es\/index.php\/que-es-siglas\/","title":{"rendered":"\u00bfQu\u00e9 es <b>SIGLAS<\/b>?"},"content":{"rendered":"<p><img loading=\"lazy\" decoding=\"async\" class=\"alignnone wp-image-445 size-full\" src=\"http:\/\/www.bicnet.es\/wp-content\/uploads\/2016\/02\/cab_gestionalmacenes.jpg\" alt=\"\" width=\"1600\" height=\"288\" srcset=\"https:\/\/www.bicnet.es\/wp-content\/uploads\/2016\/02\/cab_gestionalmacenes.jpg 1600w, https:\/\/www.bicnet.es\/wp-content\/uploads\/2016\/02\/cab_gestionalmacenes-300x54.jpg 300w, https:\/\/www.bicnet.es\/wp-content\/uploads\/2016\/02\/cab_gestionalmacenes-768x138.jpg 768w, https:\/\/www.bicnet.es\/wp-content\/uploads\/2016\/02\/cab_gestionalmacenes-1024x184.jpg 1024w\" sizes=\"auto, (max-width: 1600px) 100vw, 1600px\" \/><\/p>\n<table class=\" aligncenter\" style=\"width: 100%;\">\n<tbody>\n<tr>\n<td style=\"width: 15.1643%;\"><img loading=\"lazy\" decoding=\"async\" class=\"wp-image-310 alignleft\" src=\"http:\/\/www.bicnet.es\/wp-content\/uploads\/2016\/02\/Logo-SIGLAS-Trazado-300x204.png\" alt=\"\" width=\"144\" height=\"92\"><\/td>\n<td style=\"width: 77.8357%;\"><span style=\"font-family: helvetica,arial,sans-serif;\"><span style=\"font-size: 18pt; color: #000000;\"><span style=\"color: #003366;\"><strong>Informaci\u00f3n y Gesti\u00f3n Log\u00edstica<\/strong><\/span><\/span><span style=\"font-size: 18pt; color: #000000;\"> de Aprovisionamientos Sanitario<\/span><\/span><span style=\"font-size: 18pt; color: #000000;\"><span style=\"font-family: helvetica,arial,sans-serif;\">s &nbsp;<\/span>&nbsp; <a class=\"fasc-button fasc-size-medium fasc-type-flat fasc-rounded-medium fasc-ico-before dashicons-format-aside\" style=\"background-color: #ebb70c; color: #ffffff;\" target=\"_blank\" href=\"https:\/\/www.bicnet.es\/wp-content\/uploads\/2023\/09\/CatalogoSIGLASPaginas.pdf\" rel=\"noopener\">PDF<\/a><\/span><\/td>\n<\/tr>\n<\/tbody>\n<\/table>\n<p><span style=\"font-size: 12pt;\"><strong><br \/>\n<span style=\"font-family: helvetica,arial,sans-serif;\">SIGLAS <\/span><\/strong><span style=\"font-family: helvetica,arial,sans-serif;\">es un sistema dise\u00f1ado para solucionar las distintas necesidades y la problem\u00e1tica extendida en entornos de almacenamiento hospitalario, tanto en almacenes generales de material sanitario como en los de Farmacia, ya sean generales, de unidosis o de pacientes externos, adem\u00e1s de botiquines, centros de salud, etc., incrementando su capacidad de flujo de materiales y economizando tanto en espacio como en tiempo empleado. As\u00edmismo, permite&nbsp;mecanismos de doble imputaci\u00f3n: a GFH y a paciente<\/span><\/span><\/p>\n<p><span style=\"font-size: 12pt; font-family: helvetica,arial,sans-serif;\">Se trata de un <span style=\"color: #003366;\"><span style=\"color: #333333;\">sistema<\/span><\/span><span style=\"font-size: 14pt;\"><strong><span style=\"color: #003366;\"> modular<\/span><\/strong><\/span><span style=\"color: #333333;\">, completamente<span style=\"color: #003366; font-size: 14pt;\"><strong> adaptable y personalizable<\/strong><\/span> seg\u00fan las necesidades del cliente y su entorno de trabajo<\/span>, bien sea en en el sector sanitario o en cualquier otro que requiera un sistema de gesti\u00f3n de almacenes y control de stock.<\/span><\/p>\n<p>&nbsp;<\/p>\n<table class=\" aligncenter\" style=\"width: 600px;\" border=\"0\" cellspacing=\"0\" cellpadding=\"0\">\n<tbody>\n<tr>\n<td style=\"width: 268px; text-align: center;\"><a class=\"fasc-button fasc-size-medium fasc-type-flat fasc-rounded-medium fasc-ico-before dashicons-star-filled\" style=\"background-color: #3a328f; width: 250px; color: #ffffff;\" href=\"http:\/\/www.bicnet.es\/index.php\/funcionalidades\/\">Caracter\u00edsticas<\/a><\/td>\n<td style=\"width: 4px; text-align: left;\">&nbsp;<\/td>\n<td style=\"width: 268px; text-align: center;\"><a class=\"fasc-button fasc-size-medium fasc-type-flat fasc-rounded-medium fasc-ico-before dashicons-share\" style=\"background-color: #339e41; width: 250px; color: #ffffff;\" href=\"http:\/\/www.bicnet.es\/index.php\/modulos\/\">M\u00f3dulos<\/a>&nbsp;<\/td>\n<\/tr>\n<\/tbody>\n<\/table>\n<p>&nbsp;<\/p>\n<table border=\"0\" cellspacing=\"0\" cellpadding=\"0\">\n<tbody>\n<tr style=\"height: 48px;\">\n<td style=\"height: 48px; width: 50%; text-align: center;\"><iframe loading=\"lazy\" src=\"https:\/\/player.vimeo.com\/video\/216648291\" width=\"540\" height=\"380\" frameborder=\"0\"><\/iframe><\/td>\n<\/tr>\n<\/tbody>\n<\/table>\n","protected":false},"excerpt":{"rendered":"<p>Informaci\u00f3n y Gesti\u00f3n Log\u00edstica de Aprovisionamientos Sanitarios &nbsp;&nbsp; PDF SIGLAS es un sistema dise\u00f1ado para solucionar las distintas necesidades y la problem\u00e1tica extendida en entornos de almacenamiento hospitalario, tanto en almacenes generales de material sanitario como en los de Farmacia, ya sean generales, de unidosis o de pacientes externos, adem\u00e1s <a class=\"more-link\" href=\"https:\/\/www.bicnet.es\/index.php\/que-es-siglas\/\"><\/a><\/p>\n","protected":false},"author":3,"featured_media":0,"parent":0,"menu_order":0,"comment_status":"closed","ping_status":"closed","template":"","meta":{"footnotes":""},"class_list":["post-1028","page","type-page","status-publish","hentry"],"yoast_head":"<!-- This site is optimized with the Yoast SEO plugin v26.9 - https:\/\/yoast.com\/product\/yoast-seo-wordpress\/ -->\n<title>\u00bfQu\u00e9 es SIGLAS? - BICNET S.L.<\/title>\n<meta name=\"robots\" content=\"index, follow, max-snippet:-1, max-image-preview:large, max-video-preview:-1\" \/>\n<link rel=\"canonical\" href=\"https:\/\/www.bicnet.es\/index.php\/que-es-siglas\/\" \/>\n<meta property=\"og:locale\" content=\"es_ES\" \/>\n<meta property=\"og:type\" content=\"article\" \/>\n<meta property=\"og:title\" content=\"\u00bfQu\u00e9 es SIGLAS? - BICNET S.L.\" \/>\n<meta property=\"og:description\" content=\"Informaci\u00f3n y Gesti\u00f3n Log\u00edstica de Aprovisionamientos Sanitarios &nbsp;&nbsp; PDF SIGLAS es un sistema dise\u00f1ado para solucionar las distintas necesidades y la problem\u00e1tica extendida en entornos de almacenamiento hospitalario, tanto en almacenes generales de material sanitario como en los de Farmacia, ya sean generales, de unidosis o de pacientes externos, adem\u00e1s\" \/>\n<meta property=\"og:url\" content=\"https:\/\/www.bicnet.es\/index.php\/que-es-siglas\/\" \/>\n<meta property=\"og:site_name\" content=\"BICNET S.L.\" \/>\n<meta property=\"article:modified_time\" content=\"2023-09-19T13:54:05+00:00\" \/>\n<meta property=\"og:image\" content=\"http:\/\/www.bicnet.es\/wp-content\/uploads\/2016\/02\/cab_gestionalmacenes.jpg\" \/>\n<meta name=\"twitter:card\" content=\"summary_large_image\" \/>\n<meta name=\"twitter:label1\" content=\"Tiempo de lectura\" \/>\n\t<meta name=\"twitter:data1\" content=\"1 minuto\" \/>\n<script type=\"application\/ld+json\" class=\"yoast-schema-graph\">{\"@context\":\"https:\/\/schema.org\",\"@graph\":[{\"@type\":\"WebPage\",\"@id\":\"https:\/\/www.bicnet.es\/index.php\/que-es-siglas\/\",\"url\":\"https:\/\/www.bicnet.es\/index.php\/que-es-siglas\/\",\"name\":\"\u00bfQu\u00e9 es SIGLAS? - BICNET S.L.\",\"isPartOf\":{\"@id\":\"https:\/\/www.bicnet.es\/#website\"},\"primaryImageOfPage\":{\"@id\":\"https:\/\/www.bicnet.es\/index.php\/que-es-siglas\/#primaryimage\"},\"image\":{\"@id\":\"https:\/\/www.bicnet.es\/index.php\/que-es-siglas\/#primaryimage\"},\"thumbnailUrl\":\"http:\/\/www.bicnet.es\/wp-content\/uploads\/2016\/02\/cab_gestionalmacenes.jpg\",\"datePublished\":\"2017-05-04T09:52:17+00:00\",\"dateModified\":\"2023-09-19T13:54:05+00:00\",\"breadcrumb\":{\"@id\":\"https:\/\/www.bicnet.es\/index.php\/que-es-siglas\/#breadcrumb\"},\"inLanguage\":\"es\",\"potentialAction\":[{\"@type\":\"ReadAction\",\"target\":[\"https:\/\/www.bicnet.es\/index.php\/que-es-siglas\/\"]}]},{\"@type\":\"ImageObject\",\"inLanguage\":\"es\",\"@id\":\"https:\/\/www.bicnet.es\/index.php\/que-es-siglas\/#primaryimage\",\"url\":\"http:\/\/www.bicnet.es\/wp-content\/uploads\/2016\/02\/cab_gestionalmacenes.jpg\",\"contentUrl\":\"http:\/\/www.bicnet.es\/wp-content\/uploads\/2016\/02\/cab_gestionalmacenes.jpg\"},{\"@type\":\"BreadcrumbList\",\"@id\":\"https:\/\/www.bicnet.es\/index.php\/que-es-siglas\/#breadcrumb\",\"itemListElement\":[{\"@type\":\"ListItem\",\"position\":1,\"name\":\"Portada\",\"item\":\"https:\/\/www.bicnet.es\/\"},{\"@type\":\"ListItem\",\"position\":2,\"name\":\"\u00bfQu\u00e9 es SIGLAS?\"}]},{\"@type\":\"WebSite\",\"@id\":\"https:\/\/www.bicnet.es\/#website\",\"url\":\"https:\/\/www.bicnet.es\/\",\"name\":\"BICNET S.L.\",\"description\":\"Sistemas de informaci\u00f3n\",\"potentialAction\":[{\"@type\":\"SearchAction\",\"target\":{\"@type\":\"EntryPoint\",\"urlTemplate\":\"https:\/\/www.bicnet.es\/?s={search_term_string}\"},\"query-input\":{\"@type\":\"PropertyValueSpecification\",\"valueRequired\":true,\"valueName\":\"search_term_string\"}}],\"inLanguage\":\"es\"}]}<\/script>\n<!-- \/ Yoast SEO plugin. -->","yoast_head_json":{"title":"\u00bfQu\u00e9 es SIGLAS? - BICNET S.L.","robots":{"index":"index","follow":"follow","max-snippet":"max-snippet:-1","max-image-preview":"max-image-preview:large","max-video-preview":"max-video-preview:-1"},"canonical":"https:\/\/www.bicnet.es\/index.php\/que-es-siglas\/","og_locale":"es_ES","og_type":"article","og_title":"\u00bfQu\u00e9 es SIGLAS? - BICNET S.L.","og_description":"Informaci\u00f3n y Gesti\u00f3n Log\u00edstica de Aprovisionamientos Sanitarios &nbsp;&nbsp; PDF SIGLAS es un sistema dise\u00f1ado para solucionar las distintas necesidades y la problem\u00e1tica extendida en entornos de almacenamiento hospitalario, tanto en almacenes generales de material sanitario como en los de Farmacia, ya sean generales, de unidosis o de pacientes externos, adem\u00e1s","og_url":"https:\/\/www.bicnet.es\/index.php\/que-es-siglas\/","og_site_name":"BICNET S.L.","article_modified_time":"2023-09-19T13:54:05+00:00","og_image":[{"url":"http:\/\/www.bicnet.es\/wp-content\/uploads\/2016\/02\/cab_gestionalmacenes.jpg","type":"","width":"","height":""}],"twitter_card":"summary_large_image","twitter_misc":{"Tiempo de lectura":"1 minuto"},"schema":{"@context":"https:\/\/schema.org","@graph":[{"@type":"WebPage","@id":"https:\/\/www.bicnet.es\/index.php\/que-es-siglas\/","url":"https:\/\/www.bicnet.es\/index.php\/que-es-siglas\/","name":"\u00bfQu\u00e9 es SIGLAS? - BICNET S.L.","isPartOf":{"@id":"https:\/\/www.bicnet.es\/#website"},"primaryImageOfPage":{"@id":"https:\/\/www.bicnet.es\/index.php\/que-es-siglas\/#primaryimage"},"image":{"@id":"https:\/\/www.bicnet.es\/index.php\/que-es-siglas\/#primaryimage"},"thumbnailUrl":"http:\/\/www.bicnet.es\/wp-content\/uploads\/2016\/02\/cab_gestionalmacenes.jpg","datePublished":"2017-05-04T09:52:17+00:00","dateModified":"2023-09-19T13:54:05+00:00","breadcrumb":{"@id":"https:\/\/www.bicnet.es\/index.php\/que-es-siglas\/#breadcrumb"},"inLanguage":"es","potentialAction":[{"@type":"ReadAction","target":["https:\/\/www.bicnet.es\/index.php\/que-es-siglas\/"]}]},{"@type":"ImageObject","inLanguage":"es","@id":"https:\/\/www.bicnet.es\/index.php\/que-es-siglas\/#primaryimage","url":"http:\/\/www.bicnet.es\/wp-content\/uploads\/2016\/02\/cab_gestionalmacenes.jpg","contentUrl":"http:\/\/www.bicnet.es\/wp-content\/uploads\/2016\/02\/cab_gestionalmacenes.jpg"},{"@type":"BreadcrumbList","@id":"https:\/\/www.bicnet.es\/index.php\/que-es-siglas\/#breadcrumb","itemListElement":[{"@type":"ListItem","position":1,"name":"Portada","item":"https:\/\/www.bicnet.es\/"},{"@type":"ListItem","position":2,"name":"\u00bfQu\u00e9 es SIGLAS?"}]},{"@type":"WebSite","@id":"https:\/\/www.bicnet.es\/#website","url":"https:\/\/www.bicnet.es\/","name":"BICNET S.L.","description":"Sistemas de informaci\u00f3n","potentialAction":[{"@type":"SearchAction","target":{"@type":"EntryPoint","urlTemplate":"https:\/\/www.bicnet.es\/?s={search_term_string}"},"query-input":{"@type":"PropertyValueSpecification","valueRequired":true,"valueName":"search_term_string"}}],"inLanguage":"es"}]}},"_links":{"self":[{"href":"https:\/\/www.bicnet.es\/index.php\/wp-json\/wp\/v2\/pages\/1028","targetHints":{"allow":["GET"]}}],"collection":[{"href":"https:\/\/www.bicnet.es\/index.php\/wp-json\/wp\/v2\/pages"}],"about":[{"href":"https:\/\/www.bicnet.es\/index.php\/wp-json\/wp\/v2\/types\/page"}],"author":[{"embeddable":true,"href":"https:\/\/www.bicnet.es\/index.php\/wp-json\/wp\/v2\/users\/3"}],"replies":[{"embeddable":true,"href":"https:\/\/www.bicnet.es\/index.php\/wp-json\/wp\/v2\/comments?post=1028"}],"version-history":[{"count":41,"href":"https:\/\/www.bicnet.es\/index.php\/wp-json\/wp\/v2\/pages\/1028\/revisions"}],"predecessor-version":[{"id":1992,"href":"https:\/\/www.bicnet.es\/index.php\/wp-json\/wp\/v2\/pages\/1028\/revisions\/1992"}],"wp:attachment":[{"href":"https:\/\/www.bicnet.es\/index.php\/wp-json\/wp\/v2\/media?parent=1028"}],"curies":[{"name":"wp","href":"https:\/\/api.w.org\/{rel}","templated":true}]}}