{"id":1021,"date":"2017-05-04T09:49:50","date_gmt":"2017-05-04T09:49:50","guid":{"rendered":"http:\/\/www.bicnet.es\/?page_id=1021"},"modified":"2017-07-19T10:23:04","modified_gmt":"2017-07-19T10:23:04","slug":"modulos","status":"publish","type":"page","link":"https:\/\/www.bicnet.es\/index.php\/modulos\/","title":{"rendered":"M\u00f3dulos <b>SIGLAS<\/b>"},"content":{"rendered":"<table style=\"background-color: #238240;\">\n<tbody>\n<tr>\n<td>\n<h5 style=\"text-align: center; vertical-align: middle;\"><span style=\"font-size: 18pt; color: #ffffff; font-family: helvetica,arial,sans-serif;\"><span style=\"font-size: 14pt;\">\u00bfQu\u00e9 <\/span><span style=\"color: #ffff00; font-family: georgia,palatino,serif;\"><strong>m\u00f3dulos<\/strong><\/span><span style=\"font-size: 14pt;\"> componen SIGLAS?<\/span><\/span><\/h5>\n<\/td>\n<\/tr>\n<\/tbody>\n<\/table>\n<h5 style=\"text-align: center; vertical-align: middle;\">\u00a0<\/h5>\n<table class=\" aligncenter\" style=\"width: 100%; height: 90%;\" border=\"0\" cellspacing=\"0\" cellpadding=\"0\">\n<tbody>\n<tr style=\"height: 57.6px;\">\n<td style=\"width: 38px; background-color: #3387ab; height: 57.6px; text-align: center;\"><span style=\"font-size: 16px;\"><strong>\u00a0<\/strong><\/span><\/td>\n<td style=\"width: 753.4px; height: 57.6px; background-color: #f5f5f5; padding: 30px;\"><strong><span style=\"font-size: 20px; color: #3366ff;\">MST<\/span><br \/>\n M\u00f3dulo de Maestros<\/strong>. Es un m\u00f3dulo que forma parte del n\u00facleo imprescindible para cualquier instalaci\u00f3n de SIGLAS. Gestiona todas las tablas maestras (PROVEEDORES, ARTICULOS, ALMACENES, PROPIETARIOS, &#8230;)<\/td>\n<td style=\"width: 40%; height: 912.6px; padding-left: 20px; text-align: right; vertical-align: top;\" rowspan=\"16\">\n<p><img loading=\"lazy\" decoding=\"async\" class=\"alignnone wp-image-1505 size-full\" src=\"http:\/\/www.bicnet.es\/wp-content\/uploads\/2017\/05\/monitor.png\" alt=\"\" width=\"500\" height=\"350\" srcset=\"https:\/\/www.bicnet.es\/wp-content\/uploads\/2017\/05\/monitor.png 500w, https:\/\/www.bicnet.es\/wp-content\/uploads\/2017\/05\/monitor-300x210.png 300w\" sizes=\"auto, (max-width: 500px) 100vw, 500px\" \/><\/p>\n<p><img loading=\"lazy\" decoding=\"async\" class=\"wp-image-1469 size-full alignnone\" src=\"http:\/\/www.bicnet.es\/wp-content\/uploads\/2017\/05\/IMG_3223OK.png\" alt=\"\" width=\"500\" height=\"360\" srcset=\"https:\/\/www.bicnet.es\/wp-content\/uploads\/2017\/05\/IMG_3223OK.png 500w, https:\/\/www.bicnet.es\/wp-content\/uploads\/2017\/05\/IMG_3223OK-300x216.png 300w\" sizes=\"auto, (max-width: 500px) 100vw, 500px\" \/><\/p>\n<p><img loading=\"lazy\" decoding=\"async\" class=\"wp-image-1467 alignnone\" src=\"http:\/\/www.bicnet.es\/wp-content\/uploads\/2017\/05\/IMG_0887-300x220.png\" alt=\"\" width=\"500\" height=\"367\" srcset=\"https:\/\/www.bicnet.es\/wp-content\/uploads\/2017\/05\/IMG_0887-300x220.png 300w, https:\/\/www.bicnet.es\/wp-content\/uploads\/2017\/05\/IMG_0887.png 600w\" sizes=\"auto, (max-width: 500px) 100vw, 500px\" \/><\/p>\n<p><img loading=\"lazy\" decoding=\"async\" class=\"wp-image-1465 alignnone\" src=\"http:\/\/www.bicnet.es\/wp-content\/uploads\/2017\/05\/Lectura-recepcion-300x190.jpg\" alt=\"\" width=\"500\" height=\"317\" srcset=\"https:\/\/www.bicnet.es\/wp-content\/uploads\/2017\/05\/Lectura-recepcion-300x190.jpg 300w, https:\/\/www.bicnet.es\/wp-content\/uploads\/2017\/05\/Lectura-recepcion-768x488.jpg 768w, https:\/\/www.bicnet.es\/wp-content\/uploads\/2017\/05\/Lectura-recepcion-1024x650.jpg 1024w, https:\/\/www.bicnet.es\/wp-content\/uploads\/2017\/05\/Lectura-recepcion.jpg 1082w\" sizes=\"auto, (max-width: 500px) 100vw, 500px\" \/><\/p>\n<p><img loading=\"lazy\" decoding=\"async\" class=\"alignnone wp-image-1511 size-full\" src=\"http:\/\/www.bicnet.es\/wp-content\/uploads\/2017\/05\/buzones.png\" alt=\"\" width=\"500\" height=\"450\" srcset=\"https:\/\/www.bicnet.es\/wp-content\/uploads\/2017\/05\/buzones.png 500w, https:\/\/www.bicnet.es\/wp-content\/uploads\/2017\/05\/buzones-300x270.png 300w\" sizes=\"auto, (max-width: 500px) 100vw, 500px\" \/><\/p>\n<p> <img loading=\"lazy\" decoding=\"async\" class=\"alignnone wp-image-1500 size-full\" src=\"http:\/\/www.bicnet.es\/wp-content\/uploads\/2017\/05\/residuos-1.png\" alt=\"\" width=\"500\" height=\"350\" srcset=\"https:\/\/www.bicnet.es\/wp-content\/uploads\/2017\/05\/residuos-1.png 500w, https:\/\/www.bicnet.es\/wp-content\/uploads\/2017\/05\/residuos-1-300x210.png 300w\" sizes=\"auto, (max-width: 500px) 100vw, 500px\" \/><\/p>\n<p><img loading=\"lazy\" decoding=\"async\" class=\"alignnone wp-image-1502 size-full\" src=\"http:\/\/www.bicnet.es\/wp-content\/uploads\/2017\/05\/arm.png\" alt=\"\" width=\"500\" height=\"350\" srcset=\"https:\/\/www.bicnet.es\/wp-content\/uploads\/2017\/05\/arm.png 500w, https:\/\/www.bicnet.es\/wp-content\/uploads\/2017\/05\/arm-300x210.png 300w\" sizes=\"auto, (max-width: 500px) 100vw, 500px\" \/><\/p>\n<p><img loading=\"lazy\" decoding=\"async\" class=\"alignnone wp-image-1503 size-full\" src=\"http:\/\/www.bicnet.es\/wp-content\/uploads\/2017\/05\/autentificacion.png\" alt=\"\" width=\"500\" height=\"350\" srcset=\"https:\/\/www.bicnet.es\/wp-content\/uploads\/2017\/05\/autentificacion.png 500w, https:\/\/www.bicnet.es\/wp-content\/uploads\/2017\/05\/autentificacion-300x210.png 300w\" sizes=\"auto, (max-width: 500px) 100vw, 500px\" \/><\/p>\n<\/td>\n<\/tr>\n<tr style=\"height: 57px;\">\n<td style=\"width: 38px; background-color: #3387ab; height: 57px;\"><strong>\u00a0<\/strong><\/td>\n<td style=\"width: 753.4px; height: 57px; background-color: #f5f5f5; padding: 30px;\">\n<p><strong><span style=\"font-size: 20px; color: #3366ff;\">SGA<\/span><br \/>\n Gesti\u00f3n de ubicaciones, movimientos y preparaci\u00f3n de pedidos.<\/strong> Es el m\u00f3dulo b\u00e1sico para la gesti\u00f3n de almacenes generales donde es imprescindible la gesti\u00f3n de las ubicaciones y movimientos de los art\u00edculos. Este m\u00f3dulo tambi\u00e9n se encarga de la preparaci\u00f3n de pedidos para nutrir otros almacenes y\/o centros de consumo. Permite m\u00faltiples ubicaciones de un mismo art\u00edculo y almacenamiento ca\u00f3tico.<\/p>\n<\/td>\n<\/tr>\n<tr style=\"height: 57px;\">\n<td style=\"width: 38px; background-color: #3387ab; height: 57px;\">\u00a0<\/td>\n<td style=\"width: 753.4px; height: 57px; background-color: #f5f5f5; padding: 30px;\"><strong><span style=\"color: #3366ff; font-size: 20px;\">STK<br \/>\n <\/span>Reaprovisonamiento y consumo de almacenes intermedios.<\/strong> M\u00f3dulo\u00a0para la gesti\u00f3n de almacenes donde no es cr\u00edtica la gesti\u00f3n de ubicaciones. Es el utilizado habitualmente para el reaprovisionamiento y consumo en los almacenes intermedios (planta, botiquines, centros de salud,&#8230;). Implementa los Pactos de Stock, Stocks y C\u00e1lculo de Necesidades.<\/td>\n<\/tr>\n<tr style=\"height: 57px;\">\n<td style=\"width: 38px; background-color: #3387ab; height: 57px;\">\u00a0<\/td>\n<td style=\"width: 753.4px; height: 57px; background-color: #f5f5f5; padding: 30px;\">\n<p><strong><span style=\"color: #3366ff; font-size: 20px;\">REC<\/span><br \/>\n M\u00f3dulo de Recepciones<\/strong>. Es un m\u00f3dulo de apoyo al SGA, ya que permite a SIGLAS efectuar las recepciones de los pedidos e informarlas al ERP. Es un m\u00f3dulo requerido en el caso de desear las funcionalidades de Dep\u00f3sitos o EDI.<\/p>\n<\/td>\n<\/tr>\n<tr style=\"height: 57px;\">\n<td style=\"width: 38px; background-color: #3387ab; height: 57px;\">\u00a0<\/td>\n<td style=\"width: 753.4px; height: 57px; background-color: #f5f5f5; padding: 30px;\"><strong><span style=\"color: #3366ff; font-size: 20px;\">CRR<\/span><br \/>\n Gesti\u00f3n de carruseles<\/strong>. Es un m\u00f3dulo de ampliaci\u00f3n del SGA para la gesti\u00f3n de carruseles, ya sean verticales u horizontales, con la posibilidad de de definir m\u00faltiples carruseles dentro de un mismo almac\u00e9n.<\/td>\n<\/tr>\n<tr style=\"height: 57px;\">\n<td style=\"width: 38px; background-color: #3387ab; height: 57px;\">\u00a0<\/td>\n<td style=\"width: 753.4px; height: 57px; background-color: #f5f5f5; padding: 30px;\">\n<p><span style=\"font-size: 20px; color: #3366ff;\"><strong>BZN<br \/>\n <\/strong><\/span><strong>Gesti\u00f3n de buzones RFID<\/strong><br \/>\n Es un m\u00f3dulo de ampliaci\u00f3n al STK que permite la gesti\u00f3n de buzones RFID. A\u00f1ade las funcionalidades de impresi\u00f3n de etiquetas RFID espec\u00edficas para los buzones, as\u00ed como la lectura automatizada de los mismos.<\/p>\n<\/td>\n<\/tr>\n<tr style=\"height: 57px;\">\n<td style=\"width: 38px; background-color: #3387ab; height: 57px;\">\u00a0<\/td>\n<td style=\"width: 753.4px; height: 57px; background-color: #f5f5f5; padding: 30px;\"><span style=\"color: #3366ff; font-size: 20px;\"><strong>DEP<\/strong><\/span><br \/>\n <strong>Dep\u00f3sitos<\/strong><br \/>\n Dota de la funcionalidad para gestionar los dep\u00f3sitos de art\u00edculos de proveedor en el hospital.<\/td>\n<\/tr>\n<tr style=\"height: 57px;\">\n<td style=\"width: 38px; background-color: #3387ab; height: 57px;\">\u00a0<\/td>\n<td style=\"width: 753.4px; height: 57px; background-color: #f5f5f5; padding: 30px;\">\n<p><span style=\"color: #3366ff; font-size: 20px;\"><strong>UND<\/strong><\/span><span style=\"color: #3366ff; font-size: 20px;\"><strong><br \/>\n <\/strong><\/span><strong>Unidosis<\/strong><br \/>\n Espec\u00edfico para la preparaci\u00f3n de los carros de Unidosis en los almacenes de farmacia hospitalaria. Requiere del m\u00f3dulo SGA.<\/p>\n<\/td>\n<\/tr>\n<tr style=\"height: 57px;\">\n<td style=\"width: 38px; background-color: #3387ab; height: 57px;\">\u00a0<\/td>\n<td style=\"width: 753.4px; height: 57px; background-color: #f5f5f5; padding: 30px;\"><span style=\"font-size: 20px; color: #3366ff;\"><strong>EDI<\/strong><\/span><br \/>\n Permite la gesti\u00f3n de los mensajes DESADV y RECADV con los proveedores facilitando Recepci\u00f3n de las mercanc\u00edas. Requiere del m\u00f3dulo REC.<\/td>\n<\/tr>\n<tr style=\"height: 57px;\">\n<td style=\"width: 38px; background-color: #3387ab; height: 57px;\">\u00a0<\/td>\n<td style=\"width: 753.4px; height: 57px; background-color: #f5f5f5; padding: 30px;\"><span style=\"color: #3366ff; font-size: 20px;\"><strong>RES<\/strong><\/span><br \/>\n <strong>Gesti\u00f3n de Residuos<br \/>\n <\/strong>Lleva el ciclo de vida de los residuos generados en el hospital mientras permanece en \u00e9l.<\/td>\n<\/tr>\n<tr style=\"height: 57px;\">\n<td style=\"width: 38px; background-color: #3387ab; height: 57px;\">\u00a0<\/td>\n<td style=\"width: 753.4px; height: 57px; background-color: #f5f5f5; padding-left: 30px; padding-right: 30px; padding-bottom: 20px;\"><span style=\"color: #3366ff; font-size: 20px;\"><strong>LEN<\/strong><\/span><br \/>\n <strong>M\u00f3dulo de lencer\u00eda<\/strong>.<br \/>\n Gestiona los pactos de lencer\u00eda en las plantas y las lecturas de existencias generando las necesidades. Requiere del m\u00f3dulo STK.<\/td>\n<\/tr>\n<tr style=\"height: 57px;\">\n<td style=\"width: 38px; background-color: #3387ab; height: 57px;\">\u00a0<\/td>\n<td style=\"width: 753.4px; height: 57px; background-color: #f5f5f5; padding-rigth: 30px; padding-left: 30px; padding-bottom: 20px;\"><span style=\"font-size: 20px; color: #3366ff;\"><strong>CLI<\/strong><\/span><br \/>\n <strong>Imputaci\u00f3n a paciente.<\/strong><br \/>\n A\u00f1ade la posibilidad de imputar a pacientes los consumos de los almacenes. Requiere de los m\u00f3dulos SGA y\/o STK.<\/td>\n<\/tr>\n<tr style=\"height: 57px;\">\n<td style=\"width: 38px; background-color: #3387ab; height: 57px;\">\u00a0<\/td>\n<td style=\"width: 753.4px; height: 57px; background-color: #f5f5f5; padding: 30px;\"><span style=\"font-size: 20px;\"><strong><span style=\"color: #3366ff;\">TEM<\/span><\/strong><\/span><br \/>\n <strong>Control\u00a0de temperaturas.<\/strong><br \/>\n Habilta las alarmas por exceso y defecto de las temperaturas en las distintas zonas de un almac\u00e9n general, as\u00ed como los hist\u00f3ricos de temperaturas.<\/td>\n<\/tr>\n<tr style=\"height: 57px;\">\n<td style=\"width: 38px; background-color: #3387ab; height: 57px;\">\u00a0<\/td>\n<td style=\"width: 753.4px; height: 57px; background-color: #f5f5f5; padding: 30px;\"><span style=\"color: #3366ff; font-size: 20px;\"><strong>INT, OR, VDC, LGM,&#8230;<br \/>\n<\/strong><\/span>M\u00f3dulos espec\u00edficos de integraciones con distintos ERPs y\/o Sistemas de Informaci\u00f3n Sanitaria.Incluyen, seg\u00fan los requerimientos, distintas mensajer\u00edas: Web Services, HL7, Ficheros,&#8230;<\/td>\n<\/tr>\n<tr style=\"height: 57px;\">\n<td style=\"width: 38px; background-color: #3387ab; height: 57px;\">\u00a0<\/td>\n<td style=\"width: 753.4px; height: 57px; background-color: #f5f5f5; padding: 30px;\"><span style=\"color: #3366ff; font-size: 20px;\"><strong>ARM<br \/>\n <\/strong><\/span><strong>Gesti\u00f3n de armarios RFID.<\/strong><br \/>\n Utilizados generalmente para productos de alto valor y por tanto de alta trazabilidad, ya que su seguimiento es unidad a unidad. La gesti\u00f3n de Dep\u00f3sitos es su principal finalidad.<\/td>\n<\/tr>\n<tr style=\"height: 57px;\">\n<td style=\"width: 38px; background-color: #3387ab; height: 57px;\">\u00a0<\/td>\n<td style=\"width: 753.4px; height: 40px; background-color: #f5f5f5; padding-right: 30px; padding-left: 30px;\">\n<p><span style=\"color: #3366ff; font-size: 20px;\"><strong>HERRAMIENTAS COMPLEMENTARIAS<\/strong><\/span><\/p>\n<p>Adem\u00e1s de los m\u00f3dulos indicados, las instalaciones de SIGLAS pueden incluir 2 m\u00f3dulos adicionales:<\/p>\n<ul>\n<li><strong>BPI<\/strong>. Herramienta para la distribuci\u00f3n programada de hojas de c\u00e1lculo con resultados de queries efectuadas contra la base de datos de SIGLAS.<\/li>\n<li><strong>PASS<\/strong>. M\u00f3dulo de Validaci\u00f3n y Permisos de los usuarios. Permite integrarse con el directorio activo de la organizaci\u00f3n. Incluye, opcionalmente, validaci\u00f3n mediante tarjetas RFID tipo Mifare.<\/li>\n<\/ul>\n<\/td>\n<\/tr>\n<\/tbody>\n<\/table>\n<p>&nbsp;<\/p>\n<p>&nbsp;<\/p>\n<p> <img loading=\"lazy\" decoding=\"async\" class=\"wp-image-1497 aligncenter\" src=\"http:\/\/www.bicnet.es\/wp-content\/uploads\/2017\/05\/DIAGRAMA-SIGLAS-MODULOS-ok-1014x1024.png\" alt=\"\" width=\"580\" height=\"586\" srcset=\"https:\/\/www.bicnet.es\/wp-content\/uploads\/2017\/05\/DIAGRAMA-SIGLAS-MODULOS-ok-1014x1024.png 1014w, https:\/\/www.bicnet.es\/wp-content\/uploads\/2017\/05\/DIAGRAMA-SIGLAS-MODULOS-ok-297x300.png 297w, https:\/\/www.bicnet.es\/wp-content\/uploads\/2017\/05\/DIAGRAMA-SIGLAS-MODULOS-ok-768x776.png 768w, https:\/\/www.bicnet.es\/wp-content\/uploads\/2017\/05\/DIAGRAMA-SIGLAS-MODULOS-ok.png 1200w\" sizes=\"auto, (max-width: 580px) 100vw, 580px\" \/><\/p>\n<p>&nbsp;<\/p>\n<p style=\"text-align: center;\">\u00a0 \u00a0 <a class=\"fasc-button fasc-size-medium fasc-type-flat fasc-rounded-medium fasc-ico-before dashicons-email-alt\" style=\"background-color: #000000; width: 250px; color: #ffffff;\" href=\"mailto:info@bicnet.es\" data-fasc-style=\"background-color:#000000;color:#ffffff;\">\u00a0Solicitar m\u00e1s informaci\u00f3n<\/a><\/p>\n","protected":false},"excerpt":{"rendered":"<p>\u00bfQu\u00e9 m\u00f3dulos componen SIGLAS? \u00a0 \u00a0 MST M\u00f3dulo de Maestros. Es un m\u00f3dulo que forma parte del n\u00facleo imprescindible para cualquier instalaci\u00f3n de SIGLAS. Gestiona todas las tablas maestras (PROVEEDORES, ARTICULOS, ALMACENES, PROPIETARIOS, &#8230;) \u00a0 SGA Gesti\u00f3n de ubicaciones, movimientos y preparaci\u00f3n de pedidos. Es el m\u00f3dulo b\u00e1sico para la <a class=\"more-link\" href=\"https:\/\/www.bicnet.es\/index.php\/modulos\/\"><\/a><\/p>\n","protected":false},"author":3,"featured_media":0,"parent":0,"menu_order":0,"comment_status":"closed","ping_status":"closed","template":"","meta":{"footnotes":""},"class_list":["post-1021","page","type-page","status-publish","hentry"],"yoast_head":"<!-- This site is optimized with the Yoast SEO plugin v26.9 - https:\/\/yoast.com\/product\/yoast-seo-wordpress\/ -->\n<title>M\u00f3dulos SIGLAS - BICNET S.L.<\/title>\n<meta name=\"robots\" content=\"index, follow, max-snippet:-1, max-image-preview:large, max-video-preview:-1\" \/>\n<link rel=\"canonical\" href=\"https:\/\/www.bicnet.es\/index.php\/modulos\/\" \/>\n<meta property=\"og:locale\" content=\"es_ES\" \/>\n<meta property=\"og:type\" content=\"article\" \/>\n<meta property=\"og:title\" content=\"M\u00f3dulos SIGLAS - BICNET S.L.\" \/>\n<meta property=\"og:description\" content=\"\u00bfQu\u00e9 m\u00f3dulos componen SIGLAS? \u00a0 \u00a0 MST M\u00f3dulo de Maestros. Es un m\u00f3dulo que forma parte del n\u00facleo imprescindible para cualquier instalaci\u00f3n de SIGLAS. Gestiona todas las tablas maestras (PROVEEDORES, ARTICULOS, ALMACENES, PROPIETARIOS, &#8230;) \u00a0 SGA Gesti\u00f3n de ubicaciones, movimientos y preparaci\u00f3n de pedidos. Es el m\u00f3dulo b\u00e1sico para la\" \/>\n<meta property=\"og:url\" content=\"https:\/\/www.bicnet.es\/index.php\/modulos\/\" \/>\n<meta property=\"og:site_name\" content=\"BICNET S.L.\" \/>\n<meta property=\"article:modified_time\" content=\"2017-07-19T10:23:04+00:00\" \/>\n<meta property=\"og:image\" content=\"http:\/\/www.bicnet.es\/wp-content\/uploads\/2017\/05\/monitor.png\" \/>\n<meta name=\"twitter:card\" content=\"summary_large_image\" \/>\n<meta name=\"twitter:label1\" content=\"Tiempo de lectura\" \/>\n\t<meta name=\"twitter:data1\" content=\"3 minutos\" \/>\n<script type=\"application\/ld+json\" class=\"yoast-schema-graph\">{\"@context\":\"https:\/\/schema.org\",\"@graph\":[{\"@type\":\"WebPage\",\"@id\":\"https:\/\/www.bicnet.es\/index.php\/modulos\/\",\"url\":\"https:\/\/www.bicnet.es\/index.php\/modulos\/\",\"name\":\"M\u00f3dulos SIGLAS - BICNET S.L.\",\"isPartOf\":{\"@id\":\"https:\/\/www.bicnet.es\/#website\"},\"primaryImageOfPage\":{\"@id\":\"https:\/\/www.bicnet.es\/index.php\/modulos\/#primaryimage\"},\"image\":{\"@id\":\"https:\/\/www.bicnet.es\/index.php\/modulos\/#primaryimage\"},\"thumbnailUrl\":\"http:\/\/www.bicnet.es\/wp-content\/uploads\/2017\/05\/monitor.png\",\"datePublished\":\"2017-05-04T09:49:50+00:00\",\"dateModified\":\"2017-07-19T10:23:04+00:00\",\"breadcrumb\":{\"@id\":\"https:\/\/www.bicnet.es\/index.php\/modulos\/#breadcrumb\"},\"inLanguage\":\"es\",\"potentialAction\":[{\"@type\":\"ReadAction\",\"target\":[\"https:\/\/www.bicnet.es\/index.php\/modulos\/\"]}]},{\"@type\":\"ImageObject\",\"inLanguage\":\"es\",\"@id\":\"https:\/\/www.bicnet.es\/index.php\/modulos\/#primaryimage\",\"url\":\"http:\/\/www.bicnet.es\/wp-content\/uploads\/2017\/05\/monitor.png\",\"contentUrl\":\"http:\/\/www.bicnet.es\/wp-content\/uploads\/2017\/05\/monitor.png\"},{\"@type\":\"BreadcrumbList\",\"@id\":\"https:\/\/www.bicnet.es\/index.php\/modulos\/#breadcrumb\",\"itemListElement\":[{\"@type\":\"ListItem\",\"position\":1,\"name\":\"Portada\",\"item\":\"https:\/\/www.bicnet.es\/\"},{\"@type\":\"ListItem\",\"position\":2,\"name\":\"M\u00f3dulos SIGLAS\"}]},{\"@type\":\"WebSite\",\"@id\":\"https:\/\/www.bicnet.es\/#website\",\"url\":\"https:\/\/www.bicnet.es\/\",\"name\":\"BICNET S.L.\",\"description\":\"Sistemas de informaci\u00f3n\",\"potentialAction\":[{\"@type\":\"SearchAction\",\"target\":{\"@type\":\"EntryPoint\",\"urlTemplate\":\"https:\/\/www.bicnet.es\/?s={search_term_string}\"},\"query-input\":{\"@type\":\"PropertyValueSpecification\",\"valueRequired\":true,\"valueName\":\"search_term_string\"}}],\"inLanguage\":\"es\"}]}<\/script>\n<!-- \/ Yoast SEO plugin. -->","yoast_head_json":{"title":"M\u00f3dulos SIGLAS - BICNET S.L.","robots":{"index":"index","follow":"follow","max-snippet":"max-snippet:-1","max-image-preview":"max-image-preview:large","max-video-preview":"max-video-preview:-1"},"canonical":"https:\/\/www.bicnet.es\/index.php\/modulos\/","og_locale":"es_ES","og_type":"article","og_title":"M\u00f3dulos SIGLAS - BICNET S.L.","og_description":"\u00bfQu\u00e9 m\u00f3dulos componen SIGLAS? \u00a0 \u00a0 MST M\u00f3dulo de Maestros. Es un m\u00f3dulo que forma parte del n\u00facleo imprescindible para cualquier instalaci\u00f3n de SIGLAS. Gestiona todas las tablas maestras (PROVEEDORES, ARTICULOS, ALMACENES, PROPIETARIOS, &#8230;) \u00a0 SGA Gesti\u00f3n de ubicaciones, movimientos y preparaci\u00f3n de pedidos. Es el m\u00f3dulo b\u00e1sico para la","og_url":"https:\/\/www.bicnet.es\/index.php\/modulos\/","og_site_name":"BICNET S.L.","article_modified_time":"2017-07-19T10:23:04+00:00","og_image":[{"url":"http:\/\/www.bicnet.es\/wp-content\/uploads\/2017\/05\/monitor.png","type":"","width":"","height":""}],"twitter_card":"summary_large_image","twitter_misc":{"Tiempo de lectura":"3 minutos"},"schema":{"@context":"https:\/\/schema.org","@graph":[{"@type":"WebPage","@id":"https:\/\/www.bicnet.es\/index.php\/modulos\/","url":"https:\/\/www.bicnet.es\/index.php\/modulos\/","name":"M\u00f3dulos SIGLAS - BICNET S.L.","isPartOf":{"@id":"https:\/\/www.bicnet.es\/#website"},"primaryImageOfPage":{"@id":"https:\/\/www.bicnet.es\/index.php\/modulos\/#primaryimage"},"image":{"@id":"https:\/\/www.bicnet.es\/index.php\/modulos\/#primaryimage"},"thumbnailUrl":"http:\/\/www.bicnet.es\/wp-content\/uploads\/2017\/05\/monitor.png","datePublished":"2017-05-04T09:49:50+00:00","dateModified":"2017-07-19T10:23:04+00:00","breadcrumb":{"@id":"https:\/\/www.bicnet.es\/index.php\/modulos\/#breadcrumb"},"inLanguage":"es","potentialAction":[{"@type":"ReadAction","target":["https:\/\/www.bicnet.es\/index.php\/modulos\/"]}]},{"@type":"ImageObject","inLanguage":"es","@id":"https:\/\/www.bicnet.es\/index.php\/modulos\/#primaryimage","url":"http:\/\/www.bicnet.es\/wp-content\/uploads\/2017\/05\/monitor.png","contentUrl":"http:\/\/www.bicnet.es\/wp-content\/uploads\/2017\/05\/monitor.png"},{"@type":"BreadcrumbList","@id":"https:\/\/www.bicnet.es\/index.php\/modulos\/#breadcrumb","itemListElement":[{"@type":"ListItem","position":1,"name":"Portada","item":"https:\/\/www.bicnet.es\/"},{"@type":"ListItem","position":2,"name":"M\u00f3dulos SIGLAS"}]},{"@type":"WebSite","@id":"https:\/\/www.bicnet.es\/#website","url":"https:\/\/www.bicnet.es\/","name":"BICNET S.L.","description":"Sistemas de informaci\u00f3n","potentialAction":[{"@type":"SearchAction","target":{"@type":"EntryPoint","urlTemplate":"https:\/\/www.bicnet.es\/?s={search_term_string}"},"query-input":{"@type":"PropertyValueSpecification","valueRequired":true,"valueName":"search_term_string"}}],"inLanguage":"es"}]}},"_links":{"self":[{"href":"https:\/\/www.bicnet.es\/index.php\/wp-json\/wp\/v2\/pages\/1021","targetHints":{"allow":["GET"]}}],"collection":[{"href":"https:\/\/www.bicnet.es\/index.php\/wp-json\/wp\/v2\/pages"}],"about":[{"href":"https:\/\/www.bicnet.es\/index.php\/wp-json\/wp\/v2\/types\/page"}],"author":[{"embeddable":true,"href":"https:\/\/www.bicnet.es\/index.php\/wp-json\/wp\/v2\/users\/3"}],"replies":[{"embeddable":true,"href":"https:\/\/www.bicnet.es\/index.php\/wp-json\/wp\/v2\/comments?post=1021"}],"version-history":[{"count":81,"href":"https:\/\/www.bicnet.es\/index.php\/wp-json\/wp\/v2\/pages\/1021\/revisions"}],"predecessor-version":[{"id":1603,"href":"https:\/\/www.bicnet.es\/index.php\/wp-json\/wp\/v2\/pages\/1021\/revisions\/1603"}],"wp:attachment":[{"href":"https:\/\/www.bicnet.es\/index.php\/wp-json\/wp\/v2\/media?parent=1021"}],"curies":[{"name":"wp","href":"https:\/\/api.w.org\/{rel}","templated":true}]}}